{"id":1989,"date":"2014-08-22T14:57:04","date_gmt":"2014-08-22T12:57:04","guid":{"rendered":"https:\/\/olium.si\/product\/day-cream-with-shea-butter\/"},"modified":"2014-08-22T14:57:04","modified_gmt":"2014-08-22T12:57:04","slug":"day-cream-with-shea-butter","status":"publish","type":"product","link":"https:\/\/olium.si\/en\/product\/day-cream-with-shea-butter\/","title":{"rendered":"Day Cream with Shea Butter"},"content":{"rendered":"<p>V kremi je zdru\u017eena mo\u010d oljke in kariteja. Ko\u017eo nahrani, navla\u017ei in za\u0161\u010diti pred vplivi okolja. Za vsakodnevno nego obraza in rok. Za vse tipe ko\u017ee.<\/p>\n<p>Nanesemo zjutraj ali po potrebi ve\u010dkrat na dan na o\u010di\u0161\u010deno ko\u017eo. Uporabljamo jo samostojno ali kot podlago za li\u010denje.<\/p>\n<span class=\"et_bloom_bottom_trigger\"><\/span>","protected":false},"excerpt":{"rendered":"<p>Vsak dan lepa<\/p>\n<p>Olivno olje je bogato z antioksidanti in s hranljivimi snovmi, zato ko\u017eo neguje in nahrani ter jo naredi gladko in mehko. Karitejevo maslo podpira delovanje olivnega olja, je bogato z ma\u0161\u010dobnimi kislinami in vitamini A, E in F, deluje izjemno vla\u017eilno in hranljivo. Ma\u0161\u010dobne kisline pospe\u0161ujejo prekrvavitev v celicah in s tem njihovo obnavljanje.<\/p>\n","protected":false},"featured_media":343,"comment_status":"closed","ping_status":"closed","template":"","meta":{"_et_pb_use_builder":"","_et_pb_old_content":"","_et_gb_content_width":""},"product_brand":[],"product_cat":[86],"product_tag":[],"class_list":{"0":"post-1989","1":"product","2":"type-product","3":"status-publish","4":"has-post-thumbnail","6":"product_cat-uncategorized","7":"pa_kolicina-60-ml-en","9":"first","10":"outofstock","11":"taxable","12":"shipping-taxable","13":"purchasable","14":"product-type-simple"},"_links":{"self":[{"href":"https:\/\/olium.si\/en\/wp-json\/wp\/v2\/product\/1989","targetHints":{"allow":["GET"]}}],"collection":[{"href":"https:\/\/olium.si\/en\/wp-json\/wp\/v2\/product"}],"about":[{"href":"https:\/\/olium.si\/en\/wp-json\/wp\/v2\/types\/product"}],"replies":[{"embeddable":true,"href":"https:\/\/olium.si\/en\/wp-json\/wp\/v2\/comments?post=1989"}],"wp:featuredmedia":[{"embeddable":true,"href":"https:\/\/olium.si\/en\/wp-json\/wp\/v2\/media\/343"}],"wp:attachment":[{"href":"https:\/\/olium.si\/en\/wp-json\/wp\/v2\/media?parent=1989"}],"wp:term":[{"taxonomy":"product_brand","embeddable":true,"href":"https:\/\/olium.si\/en\/wp-json\/wp\/v2\/product_brand?post=1989"},{"taxonomy":"product_cat","embeddable":true,"href":"https:\/\/olium.si\/en\/wp-json\/wp\/v2\/product_cat?post=1989"},{"taxonomy":"product_tag","embeddable":true,"href":"https:\/\/olium.si\/en\/wp-json\/wp\/v2\/product_tag?post=1989"}],"curies":[{"name":"wp","href":"https:\/\/api.w.org\/{rel}","templated":true}]}}