{"id":1990,"date":"2014-08-22T14:52:14","date_gmt":"2014-08-22T12:52:14","guid":{"rendered":"https:\/\/olium.si\/product\/cooling-ointment-with-chamomile-flower-extract\/"},"modified":"2024-10-31T09:32:48","modified_gmt":"2024-10-31T08:32:48","slug":"cooling-ointment-with-chamomile-flower-extract","status":"publish","type":"product","link":"https:\/\/olium.si\/en\/product\/cooling-ointment-with-chamomile-flower-extract\/","title":{"rendered":"Cooling Ointment with Chamomile Flower Extract"},"content":{"rendered":"<p>Namenjeno vsakodnevni negi ob\u010dutljive, suhe ali razdra\u017eene ko\u017ee. Pomirja, varuje in neguje. Primerno za nego ob\u010dutljive otro\u0161ke ko\u017ee pod plenicami.<\/p>\n<p>Nanesemo v tankem sloju na o\u010di\u0161\u010deno in suho ko\u017eo. Po potrebi jo lahko nanesemo ve\u010dkrat dnevno.<\/p>\n<span class=\"et_bloom_bottom_trigger\"><\/span>","protected":false},"excerpt":{"rendered":"<h3>Dotik ne\u017enosti<\/h3>\n<p>Kamilica spodbuja ko\u017eno presnovo in celjenje ran. Ima dokazan protivneten in blag antibakterijski u\u010dinek, zato prepre\u010duje oku\u017ebe.<\/p>\n","protected":false},"featured_media":340,"comment_status":"closed","ping_status":"closed","template":"","meta":{"_et_pb_use_builder":"","_et_pb_old_content":"","_et_gb_content_width":""},"product_brand":[],"product_cat":[86],"product_tag":[],"class_list":{"0":"post-1990","1":"product","2":"type-product","3":"status-publish","4":"has-post-thumbnail","6":"product_cat-uncategorized","7":"pa_kolicina-60-ml-en","9":"first","10":"outofstock","11":"taxable","12":"shipping-taxable","13":"purchasable","14":"product-type-simple"},"_links":{"self":[{"href":"https:\/\/olium.si\/en\/wp-json\/wp\/v2\/product\/1990","targetHints":{"allow":["GET"]}}],"collection":[{"href":"https:\/\/olium.si\/en\/wp-json\/wp\/v2\/product"}],"about":[{"href":"https:\/\/olium.si\/en\/wp-json\/wp\/v2\/types\/product"}],"replies":[{"embeddable":true,"href":"https:\/\/olium.si\/en\/wp-json\/wp\/v2\/comments?post=1990"}],"wp:featuredmedia":[{"embeddable":true,"href":"https:\/\/olium.si\/en\/wp-json\/wp\/v2\/media\/340"}],"wp:attachment":[{"href":"https:\/\/olium.si\/en\/wp-json\/wp\/v2\/media?parent=1990"}],"wp:term":[{"taxonomy":"product_brand","embeddable":true,"href":"https:\/\/olium.si\/en\/wp-json\/wp\/v2\/product_brand?post=1990"},{"taxonomy":"product_cat","embeddable":true,"href":"https:\/\/olium.si\/en\/wp-json\/wp\/v2\/product_cat?post=1990"},{"taxonomy":"product_tag","embeddable":true,"href":"https:\/\/olium.si\/en\/wp-json\/wp\/v2\/product_tag?post=1990"}],"curies":[{"name":"wp","href":"https:\/\/api.w.org\/{rel}","templated":true}]}}