{"id":1991,"date":"2014-08-22T14:43:24","date_gmt":"2014-08-22T12:43:24","guid":{"rendered":"https:\/\/olium.si\/product\/masazno-olje-z-etericnim-oljem-evkalipta\/"},"modified":"2024-10-31T09:33:25","modified_gmt":"2024-10-31T08:33:25","slug":"masazno-olje-z-etericnim-oljem-evkalipta","status":"publish","type":"product","link":"https:\/\/olium.si\/en\/product\/masazno-olje-z-etericnim-oljem-evkalipta\/","title":{"rendered":"Massage Oil with Eucalyptus Essential Oil"},"content":{"rendered":"<p>Vsebuje olivno olje, ki ko\u017eo navla\u017ei in oskrbi s hranilnimi snovmi ter ji da pro\u017enost in mehkobo. Eteri\u010dno olje evkalipta pa spro\u0161\u010da napetosti ter osve\u017ei s prijetnim vonjem. Naravna osve\u017eitev telesa po napornem dnevu ali treningu. Namenjeno celotnemu telesu.<\/p>\n<p>Nanesemo na ko\u017eo ter ga s kro\u017enimi gibi\u00a0ne\u017eno vtremo.<\/p>\n<span class=\"et_bloom_bottom_trigger\"><\/span>","protected":false},"excerpt":{"rendered":"<h3>Po\u010ditek po naporu<\/h3>\n<p>Posebno primerno za masa\u017eo in spro\u0161\u010danje pri utrujenosti ali bole\u010dinah v mi\u0161icah in sklepih. Po napornem dnevu ali \u0161portnih aktivnostih. Nanesemo na ko\u017eo ter ga s kro\u017enimi<\/p>\n","protected":false},"featured_media":337,"comment_status":"closed","ping_status":"closed","template":"","meta":{"_et_pb_use_builder":"","_et_pb_old_content":"","_et_gb_content_width":""},"product_brand":[],"product_cat":[86],"product_tag":[],"class_list":{"0":"post-1991","1":"product","2":"type-product","3":"status-publish","4":"has-post-thumbnail","6":"product_cat-uncategorized","7":"pa_kolicina-250-ml-en","9":"first","10":"outofstock","11":"taxable","12":"shipping-taxable","13":"purchasable","14":"product-type-simple"},"_links":{"self":[{"href":"https:\/\/olium.si\/en\/wp-json\/wp\/v2\/product\/1991","targetHints":{"allow":["GET"]}}],"collection":[{"href":"https:\/\/olium.si\/en\/wp-json\/wp\/v2\/product"}],"about":[{"href":"https:\/\/olium.si\/en\/wp-json\/wp\/v2\/types\/product"}],"replies":[{"embeddable":true,"href":"https:\/\/olium.si\/en\/wp-json\/wp\/v2\/comments?post=1991"}],"wp:featuredmedia":[{"embeddable":true,"href":"https:\/\/olium.si\/en\/wp-json\/wp\/v2\/media\/337"}],"wp:attachment":[{"href":"https:\/\/olium.si\/en\/wp-json\/wp\/v2\/media?parent=1991"}],"wp:term":[{"taxonomy":"product_brand","embeddable":true,"href":"https:\/\/olium.si\/en\/wp-json\/wp\/v2\/product_brand?post=1991"},{"taxonomy":"product_cat","embeddable":true,"href":"https:\/\/olium.si\/en\/wp-json\/wp\/v2\/product_cat?post=1991"},{"taxonomy":"product_tag","embeddable":true,"href":"https:\/\/olium.si\/en\/wp-json\/wp\/v2\/product_tag?post=1991"}],"curies":[{"name":"wp","href":"https:\/\/api.w.org\/{rel}","templated":true}]}}