{"id":1994,"date":"2014-08-22T13:19:35","date_gmt":"2014-08-22T11:19:35","guid":{"rendered":"https:\/\/olium.si\/product\/extra-virgin-olive-oil\/"},"modified":"2014-08-22T13:19:35","modified_gmt":"2014-08-22T11:19:35","slug":"extra-virgin-olive-oil","status":"publish","type":"product","link":"https:\/\/olium.si\/en\/product\/extra-virgin-olive-oil\/","title":{"rendered":"Extra Virgin Olive Oil"},"content":{"rendered":"<p>Olivno olje se dobro vpije v ko\u017eo in jo nahrani, navla\u017ei ter obnovi. Pozimi ogreje telo, poleti ga za\u0161\u010diti. Ko\u017eo varuje pred \u0161kodljivimi vplivi. Posebno primerno za nego ko\u017ee, od najmlaj\u0161e do najstarej\u0161e. Suho ko\u017eo naredi mehko, pro\u017eno in jo za\u0161\u010diti pred izsu\u0161itvijo. Namenjeno celotnemu telesu.<\/p>\n<p>Nanesemo ga na vla\u017eno ko\u017eo ter ga s kro\u017enimi gibi ne\u017eno vtremo. Primeren za telo in obraz, odli\u010dno za uporabo po prhanju, savni in son\u010denju.<\/p>\n<span class=\"et_bloom_bottom_trigger\"><\/span>","protected":false},"excerpt":{"rendered":"<h3>Enostavno naravno<\/h3>\n<p>Olivno olje je povsem naravno, iz ekolo\u0161ke pridelave in brez aditivov, zato ne povzro\u010da preob\u010dutljivosti ko\u017ee.<\/p>\n","protected":false},"featured_media":324,"comment_status":"closed","ping_status":"closed","template":"","meta":{"_et_pb_use_builder":"","_et_pb_old_content":"","_et_gb_content_width":""},"product_brand":[],"product_cat":[86],"product_tag":[],"class_list":{"0":"post-1994","1":"product","2":"type-product","3":"status-publish","4":"has-post-thumbnail","6":"product_cat-uncategorized","7":"pa_kolicina-250-ml-en","9":"first","10":"outofstock","11":"taxable","12":"shipping-taxable","13":"purchasable","14":"product-type-simple"},"_links":{"self":[{"href":"https:\/\/olium.si\/en\/wp-json\/wp\/v2\/product\/1994","targetHints":{"allow":["GET"]}}],"collection":[{"href":"https:\/\/olium.si\/en\/wp-json\/wp\/v2\/product"}],"about":[{"href":"https:\/\/olium.si\/en\/wp-json\/wp\/v2\/types\/product"}],"replies":[{"embeddable":true,"href":"https:\/\/olium.si\/en\/wp-json\/wp\/v2\/comments?post=1994"}],"wp:featuredmedia":[{"embeddable":true,"href":"https:\/\/olium.si\/en\/wp-json\/wp\/v2\/media\/324"}],"wp:attachment":[{"href":"https:\/\/olium.si\/en\/wp-json\/wp\/v2\/media?parent=1994"}],"wp:term":[{"taxonomy":"product_brand","embeddable":true,"href":"https:\/\/olium.si\/en\/wp-json\/wp\/v2\/product_brand?post=1994"},{"taxonomy":"product_cat","embeddable":true,"href":"https:\/\/olium.si\/en\/wp-json\/wp\/v2\/product_cat?post=1994"},{"taxonomy":"product_tag","embeddable":true,"href":"https:\/\/olium.si\/en\/wp-json\/wp\/v2\/product_tag?post=1994"}],"curies":[{"name":"wp","href":"https:\/\/api.w.org\/{rel}","templated":true}]}}